{"id":474,"date":"2021-10-28T12:32:33","date_gmt":"2021-10-28T12:32:33","guid":{"rendered":"https:\/\/www.adr3.na.cnr.it\/?page_id=474"},"modified":"2021-11-05T14:11:25","modified_gmt":"2021-11-05T14:11:25","slug":"privacy-cookie-policy","status":"publish","type":"page","link":"https:\/\/www.adr3.na.cnr.it\/index.php\/privacy-cookie-policy\/","title":{"rendered":"Privacy &#038; Cookie Policy"},"content":{"rendered":"\n<h3 class=\"wp-block-heading\">Parte introduttiva<\/h3>\n\n\n\n<p>La presente Privacy Policy \u00e8 resa nel rispetto dell\u2019articolo 13 del GDPR 2016\/679 (General Data Protection Regulation, Regolamento europeo in materia di protezione dei dati personali), della Raccomandazione n. 2\/2001 del Gruppo di lavoro ex art. 29.<br>In questa sezione sono contenute le informazioni relative alle modalit\u00e0 di gestione dell&#8217;Area di Ricerca Napoli 3.<br>La presente informativa \u00e8 resa in riferimento al trattamento dei dati degli utenti del portale dell&#8217;Area di Ricerca Napoli 3 (https:\/\/www.adr3.na.cnr.it), e non anche per altri siti web eventualmente raggiunti dall&#8217;utente tramite link.<\/p>\n\n\n\n<p>Alcune pagine possono richiedere dati personali: si informa che il loro mancato conferimento pu\u00f2 comportare l\u2019impossibilit\u00e0 di raggiungere le finalit\u00e0 cui il trattamento \u00e8 connesso.<\/p>\n\n\n\n<h3 class=\"wp-block-heading\">Informazioni di contatto<\/h3>\n\n\n\n<p>Il Titolare e Responsabile del trattamento \u00e8:<\/p>\n\n\n\n<p><code>Consiglio Nazionale delle Ricerche (CNR),<br>Piazzale Aldo Moro, 7, 00185 Roma (IT)<br>PEC: protocollo-ammcen@pec.cnr.it<\/code><\/p>\n\n\n\n<p>Il Responsabile per la Protezione dei Dati del CNR (DPO o RPD) \u00e8 raggiungibile ai seguenti recapiti:<br><br><code>Consiglio Nazionale delle Ricerche (CNR),<br>Piazzale Aldo Moro, 7, 00185 Roma (IT)<br>e-mail: rpd@cnr.it<\/code><\/p>\n\n\n\n<p>Punto di contatto del Titolare per l\u2019esercizio dei diritti degli interessati per i trattamenti nell\u2019ambito dell&#8217;Area di Ricerca Napoli 3 \u00e8:<\/p>\n\n\n\n<p><code>privacy@adr3.na.cnr.it<\/code><\/p>\n\n\n\n<h3 class=\"wp-block-heading\">Base giuridica e finalit\u00e0 del trattamento<\/h3>\n\n\n\n<p>Il trattamento dei dati personali effettuato tramite www.adr3.na.cnr.it attiene esclusivamente ai dati personali acquisiti in relazione al raggiungimento dei fini istituzionali dell\u2019istituto, o comunque connessi all&#8217;esercizio dei compiti di interesse pubblico e all&#8217;esercizio di pubblici poteri cui \u00e8 chiamato, incluse le finalit\u00e0 di ricerca scientifica ed analisi per scopi statistici, di didattica e di amministrazione, ai sensi dell\u2019art. 6, comma 1, lett. e) e, in particolare, al fine di fornire e migliorare i servizi web offerti.<\/p>\n\n\n\n<h3 class=\"wp-block-heading\">Conservazione dei dati<\/h3>\n\n\n\n<p>I dati personali sono trattati in modo lecito, corretto, pertinente, limitato a quanto necessario al raggiungimento delle finalit\u00e0 del trattamento, per il solo tempo necessario a conseguire gli scopi per cui sono stati raccolti e comunque in conformit\u00e0 ai principi indicati nell\u2019art. 5 del Regolamento UE 2016\/679.<\/p>\n\n\n\n<p>I dati personali sono trattati esclusivamente da persone autorizzate al trattamento ed opportunamente istruite, oltre che tramite responsabili del trattamento legati al titolare da specifico contratto. I dati personali trattati non saranno oggetto di diffusione.<br>Specifiche misure di sicurezza sono osservate per prevenire la perdita dei dati, usi illeciti o non corretti ed accessi non autorizzati.<\/p>\n\n\n\n<h3 class=\"wp-block-heading\">Eventuali destinatari o eventuali categorie di destinatari dei dati<\/h3>\n\n\n\n<p>I dati personali forniti non sono oggetto di diffusione a terzi, a meno che questo non sia richiesto dalla legge e\/o dalle pubbliche autorit\u00e0.<\/p>\n\n\n\n<h3 class=\"wp-block-heading\">Trasferimento di dati<\/h3>\n\n\n\n<p>I dati personali non sono trasferiti ad altro Paese terzo all&#8217;interno o al di fuori dell&#8217;Unione Europea, comprese private cloud e\/o public cloud erogate da fornitori terzi od organizzazioni internazionali.<\/p>\n\n\n\n<h3 class=\"wp-block-heading\">Diritti degli interessati<\/h3>\n\n\n\n<p>Gli interessati hanno il diritto di chiedere al titolare del trattamento l\u2019accesso ai dati personali e la rettifica o la cancellazione degli stessi o la limitazione del trattamento che li riguarda o di opporsi al trattamento secondo quanto previsto dagli art. 15 e ss. del Regolamento UE 2016\/679.<br><\/p>\n\n\n\n<p>L&#8217;interessato ha diritto di presentare la propria istanza al Titolare del trattamento dati. Le istanze dovranno essere indirizzate a: <code>privacy@adr3.na.cnr.it<\/code><\/p>\n\n\n\n<p>Agli interessati, ricorrendone i presupposti, \u00e8 riconosciuto altres\u00ec il diritto di proporre reclamo al Garante quale autorit\u00e0 di controllo.<\/p>\n\n\n\n<h2 class=\"wp-block-heading\">Cookie<\/h2>\n\n\n\n<p>Il sito www.adr3.na.cnr.it fa uso di cookies, piccoli file di testo che consentono di conservare informazioni sulle preferenze dei visitatori, per migliorare le funzionalit\u00e0 del sito, per semplificarne la navigazione automatizzando le procedure e per l\u2019analisi dell\u2019uso del sito. I cookies sono inviati da un server web (che \u00e8 il computer sul quale \u00e8 in esecuzione il sito web visitato) al browser dell\u2019utente (Internet Explorer, Mozilla Firefox, Google Chrome, ecc.) e memorizzati sul computer di quest&#8217;ultimo; vengono, quindi, re-inviati al sito web al momento delle visite successive.<\/p>\n\n\n\n<p>I cookie di sessione sono essenziali per poter distinguere tra gli utenti collegati, e sono utili per evitare che una funzionalit\u00e0 richiesta possa essere fornita all&#8217;utente sbagliato, nonch\u00e9 a fini di sicurezza per impedire attacchi informatici al sito. I cookie di sessione non contengono dati personali e durano per la sola sessione in corso, cio\u00e8 fino alla chiusura del browser. Per essi non occorre consenso.<\/p>\n\n\n\n<p>I cookie di funzionalit\u00e0 utilizzati dal sito sono strettamente necessari per l&#8217;uso del sito, in particolare sono collegati ad una espressa richiesta di funzionalit\u00e0 da parte dell&#8217;utente (come il login), per i quali non occorre alcun consenso.<\/p>\n\n\n\n<p>Utilizzando il sito il visitatore acconsente espressamente all\u2019uso dei cookies.<\/p>\n\n\n\n<h3 class=\"wp-block-heading\">Disabilitazione cookie<\/h3>\n\n\n\n<p>I cookies sono collegati al browser utilizzato e possono essere disabilitati direttamente tramite il browser, cos\u00ec rifiutando\/revocando il consenso all&#8217;uso dei cookies. Occorre tenere presente che la disabilitazione dei cookies potrebbe impedire il corretto utilizzo di alcune funzioni del sito stesso.<\/p>\n\n\n\n<p>Le istruzioni per la disabilitazione dei cookies si trovano alle seguenti pagine web:<\/p>\n\n\n\n<ul class=\"wp-block-list\"><li>Google Chrome <a rel=\"noreferrer noopener\" href=\"http:\/\/support.google.com\/chrome\/bin\/answer.py?hl=it&amp;answer=95647\" target=\"_blank\">http:\/\/support.google.com\/chrome\/bin\/answer.py?hl=it&amp;answer=95647<\/a><\/li><li>Mozilla Firefox <a rel=\"noreferrer noopener\" href=\"http:\/\/support.mozilla.org\/it\/kb\/Attivare%20e%20disattivare%20i%20cookie\" target=\"_blank\">http:\/\/support.mozilla.org\/it\/kb\/Attivare%20e%20disattivare%20i%20cookie<\/a><\/li><li>Windows Internet Explorer <a rel=\"noreferrer noopener\" href=\"http:\/\/windows.microsoft.com\/it-IT\/windows7\/Block-enable-or-allow-cookies\" target=\"_blank\">http:\/\/windows.microsoft.com\/it-IT\/windows7\/Block-enable-or-allow-cookies<\/a><\/li><li>Opera <a href=\"http:\/\/help.opera.com\/Windows\/10.00\/it\/cookies.html\" target=\"_blank\" rel=\"noreferrer noopener\">http:\/\/help.opera.com\/Windows\/10.00\/it\/cookies.html<\/a><\/li><li>Apple Safari <a href=\"https:\/\/support.apple.com\/it-it\/HT201265\" target=\"_blank\" rel=\"noreferrer noopener\">https:\/\/support.apple.com\/it-it\/HT201265<\/a><\/li><\/ul>\n\n\n\n<h3 class=\"wp-block-heading\">Cookies di terze parti<\/h3>\n\n\n\n<p>Il presente sito funge anche da intermediario per cookies di terze parti, utilizzati per poter fornire ulteriori servizi e funzionalit\u00e0 ai visitatori e per migliorare l&#8217;uso del sito stesso. La presente privacy policy non si applica ai servizi forniti da terze parti, e questo sito non ha alcun controllo sui loro cookies, interamente gestiti dalle terze parti. Il contratto di cessione dati avviene direttamente tra l&#8217;utente\/visitatore e le terze parti, per cui l&#8217;acquisizione del consenso per detti cookie \u00e8, ovviamente, a carico delle terze parti, mentre questo sito non partecipa in alcun modo a tale cessione. In conseguenza di ci\u00f2 le informazioni sull&#8217;uso dei detti cookies e sulle finalit\u00e0 degli stessi, nonch\u00e9 sulle modalit\u00e0 per l&#8217;eventuale disabilitazione, sono fornite direttamente dalle terze parti alle pagine qui sotto indicate.<br>In particolare il presente sito utilizza cookies delle seguenti terze parti:<\/p>\n\n\n\n<ul class=\"wp-block-list\"><li><strong><a href=\"https:\/\/www.openstreetmap.org\/\" target=\"_blank\" rel=\"noreferrer noopener\">OpenStreetMap<\/a><\/strong>&nbsp;(OSM) <em>\u00e8 un progetto&nbsp;<a rel=\"noreferrer noopener\" href=\"https:\/\/it.wikipedia.org\/wiki\/Collaborazione\" target=\"_blank\">collaborativo<\/a>&nbsp;finalizzato a creare&nbsp;<a rel=\"noreferrer noopener\" href=\"https:\/\/it.wikipedia.org\/wiki\/Mappa\" target=\"_blank\">mappe<\/a>&nbsp;del mondo a&nbsp;<a rel=\"noreferrer noopener\" href=\"https:\/\/it.wikipedia.org\/wiki\/Contenuto_libero\" target=\"_blank\">contenuto libero<\/a>. La caratteristica fondamentale dei dati geografici presenti in OSM \u00e8 che vengono distribuiti con una&nbsp;<a href=\"https:\/\/it.wikipedia.org\/wiki\/Licenza_libera\">licenza libera<\/a>, la&nbsp;<a rel=\"noreferrer noopener\" href=\"https:\/\/it.wikipedia.org\/wiki\/Open_Database_License\" target=\"_blank\">Open Database License<\/a>: \u00e8 cio\u00e8 possibile utilizzarli liberamente per qualsiasi scopo, anche commerciale, con il solo vincolo di citare la fonte e usare la stessa licenza per eventuali lavori derivati dai dati di OSM. Tutti possono contribuire arricchendo o correggendo i dati<\/em> (fonte <a href=\"https:\/\/it.wikipedia.org\/wiki\/OpenStreetMap\" target=\"_blank\" rel=\"noreferrer noopener\">Wikipedia<\/a>).<br>Questo sito incorpora, tramite <a rel=\"noreferrer noopener\" href=\"https:\/\/it.wikipedia.org\/wiki\/Iframe\" target=\"_blank\">iframe<\/a>, mappe OSM. L&#8217;utente pu\u00f2 disabilitare\/eliminare i cookies OSM tramite il proprio browser. Maggiori informazioni sui cookies utilizzati da OSM sono presenti al link <a rel=\"noreferrer noopener\" href=\"https:\/\/wiki.osmfoundation.org\/wiki\/Privacy_Policy#Cookies\" target=\"_blank\">https:\/\/wiki.osmfoundation.org\/wiki\/Privacy_Policy#Cookies<\/a><\/li><\/ul>\n","protected":false},"excerpt":{"rendered":"<p>Parte introduttiva La presente Privacy Policy \u00e8 resa nel rispetto &hellip;<\/p>\n<p class=\"read-more\"> <a class=\" thunk-readmore button \" href=\"https:\/\/www.adr3.na.cnr.it\/index.php\/privacy-cookie-policy\/\"> <span class=\"screen-reader-text\">Privacy &#038; Cookie Policy<\/span>Read More<\/a><\/p>\n","protected":false},"author":1,"featured_media":0,"parent":0,"menu_order":0,"comment_status":"closed","ping_status":"closed","template":"","meta":{"footnotes":""},"class_list":["post-474","page","type-page","status-publish","hentry"],"_links":{"self":[{"href":"https:\/\/www.adr3.na.cnr.it\/index.php\/wp-json\/wp\/v2\/pages\/474","targetHints":{"allow":["GET"]}}],"collection":[{"href":"https:\/\/www.adr3.na.cnr.it\/index.php\/wp-json\/wp\/v2\/pages"}],"about":[{"href":"https:\/\/www.adr3.na.cnr.it\/index.php\/wp-json\/wp\/v2\/types\/page"}],"author":[{"embeddable":true,"href":"https:\/\/www.adr3.na.cnr.it\/index.php\/wp-json\/wp\/v2\/users\/1"}],"replies":[{"embeddable":true,"href":"https:\/\/www.adr3.na.cnr.it\/index.php\/wp-json\/wp\/v2\/comments?post=474"}],"version-history":[{"count":12,"href":"https:\/\/www.adr3.na.cnr.it\/index.php\/wp-json\/wp\/v2\/pages\/474\/revisions"}],"predecessor-version":[{"id":504,"href":"https:\/\/www.adr3.na.cnr.it\/index.php\/wp-json\/wp\/v2\/pages\/474\/revisions\/504"}],"wp:attachment":[{"href":"https:\/\/www.adr3.na.cnr.it\/index.php\/wp-json\/wp\/v2\/media?parent=474"}],"curies":[{"name":"wp","href":"https:\/\/api.w.org\/{rel}","templated":true}]}}